{"id":1909,"date":"2016-04-28T06:49:56","date_gmt":"2016-04-28T06:49:56","guid":{"rendered":"https:\/\/www.taraholding.com.tr\/finansal-veriler\/"},"modified":"2025-05-30T08:59:34","modified_gmt":"2025-05-30T05:59:34","slug":"financial-data","status":"publish","type":"page","link":"https:\/\/www.taraholding.com.tr\/en\/financial-data\/","title":{"rendered":"FINANCIAL DATA"},"content":{"rendered":"<div class=\"wpb-content-wrapper\">[vc_row][vc_column][vc_column_text]\n<p style=\"text-align: justify;\">The company is the controlling shareholder of ENKA \u0130n\u015faat ve Sanayi A.\u015e. with 49.80% of the shares, and has no other investment or activity. For this reason, the financial situation of the company is directly proportional to that of ENKA \u0130n\u015faat ve Sanayi A.\u015e.. The details are given below.<\/p>\n<p style=\"text-align: justify;\">As of 2024, our company demonstrated a strong financial performance. By the end of the year, ENKA&#8217;s shareholders&#8217; equity amounted to 7.9 billion USD, consolidated turnover to 3.1 billion USD and consolidated profit to 753 million USD.<\/p>\n<p style=\"text-align: justify;\">A comparative chart of the year-end consolidated financial results of the company is given below (In thousands of Turkish Lira):<\/p>\n<p style=\"text-align: justify;\"><div class=\"clearfix\" style=\"height: 10px\"><\/div>\n<p>&nbsp;<\/p>\n<table style=\"height: 100%; width: 100%; border-collapse: collapse;\">\n<tbody>\n<tr style=\"height: 100%;\">\n<td style=\"width: 100%; height: 100%; background-color: #012169;\"><span style=\"color: #ffffff;\"><strong>ASSETS<\/strong><\/span><\/td>\n<td style=\"width: 99.2748%; height: 100%; background-color: #012169;\"><span style=\"color: #ffffff;\"><strong>31\/12\/2024<\/strong><\/span><\/td>\n<td style=\"width: 100.725%; height: 100%; background-color: #012169;\"><span style=\"color: #ffffff;\"><strong>31\/12\/2023<\/strong><\/span><\/td>\n<\/tr>\n<tr style=\"height: 100%;\">\n<td style=\"height: 100%; width: 100%;\">WORKING ASSETS<\/td>\n<td style=\"width: 99.2748%; height: 100%;\">164,434,443<\/td>\n<td style=\"width: 100.725%; height: 100%;\">120,806,349<\/td>\n<\/tr>\n<tr style=\"height: 100%;\">\n<td style=\"width: 100%; height: 100%;\">REAL ASSETS<\/td>\n<td style=\"width: 99.2748%; height: 100%;\">203,789,556<\/td>\n<td style=\"width: 100.725%; height: 100%;\">157,787,528<\/td>\n<\/tr>\n<tr style=\"height: 100%;\">\n<td style=\"width: 100%; height: 100%;\"><strong>TOTAL<\/strong><\/td>\n<td style=\"width: 99.2748%; height: 100%;\"><strong>368,223,999<\/strong><\/td>\n<td style=\"width: 100.725%; height: 100%;\"><strong>278,593,877<\/strong><\/td>\n<\/tr>\n<\/tbody>\n<\/table>\n<p>&nbsp;<\/p>\n<table style=\"height: 100%; width: 100%; border-collapse: collapse;\">\n<tbody>\n<tr style=\"height: 100%;\">\n<td style=\"width: 100%; height: 100%; background-color: #012169;\"><span style=\"color: #ffffff;\"><strong>LIABILITIES<\/strong><\/span><\/td>\n<td style=\"width: 100%; height: 100%; background-color: #012169;\"><span style=\"color: #ffffff;\"><strong>31\/12\/2024<\/strong><\/span><\/td>\n<td style=\"width: 100%; height: 100%; background-color: #012169;\"><span style=\"color: #ffffff;\"><strong>31\/12\/2023<\/strong><\/span><\/td>\n<\/tr>\n<tr style=\"height: 100%;\">\n<td style=\"width: 100%; height: 100%;\">SHORT-TERM LIABILITIES<\/td>\n<td style=\"width: 100%; height: 100%;\">56,958,884<\/td>\n<td style=\"width: 100%; height: 100%;\">43,080,361<\/td>\n<\/tr>\n<tr style=\"height: 100%;\">\n<td style=\"width: 100%; height: 100%;\">LONG-TERM LIABILITIES<\/td>\n<td style=\"width: 100%; height: 100%;\">25,300,207<\/td>\n<td style=\"width: 100%; height: 100%;\">16,602,943<\/td>\n<\/tr>\n<tr style=\"height: 100%;\">\n<td style=\"width: 100%; height: 100%;\">OWN RESOURCES<\/td>\n<td style=\"width: 100%; height: 100%;\">285,964,908<\/td>\n<td style=\"width: 100%; height: 100%;\">218,910,573<\/td>\n<\/tr>\n<tr style=\"height: 100%;\">\n<td style=\"width: 100%; height: 100%;\">&#8211; OWN RESOURCES BELONGING TO PARENT SHAREHOLDER<\/td>\n<td style=\"width: 100%; height: 100%;\">144,835,162<\/td>\n<td style=\"width: 100%; height: 100%;\">109,989,858<\/td>\n<\/tr>\n<tr style=\"height: 100%;\">\n<td style=\"width: 100%; height: 100%;\">&#8211; NON-CONTROLLING INTERESTS<\/td>\n<td style=\"width: 100%; height: 100%;\">141,129,746<\/td>\n<td style=\"width: 100%; height: 100%;\">108,920,715<\/td>\n<\/tr>\n<tr style=\"height: 100%;\">\n<td style=\"width: 100%; height: 100%;\"><strong>TOTAL<\/strong><\/td>\n<td style=\"width: 100%; height: 100%;\"><strong>368,223,999<\/strong><\/td>\n<td style=\"width: 100%; height: 100%;\"><strong>278,593,877<\/strong><\/td>\n<\/tr>\n<\/tbody>\n<\/table>\n<p>&nbsp;<\/p>\n<p>&nbsp;<\/p>\n<div class=\"clearfix\" style=\"height: 60px\"><\/div>\n[\/vc_column_text][\/vc_column][\/vc_row]\n<\/div>","protected":false},"excerpt":{"rendered":"<p>[vc_row][vc_column][vc_column_text] The company is the controlling shareholder of ENKA \u0130n\u015faat ve Sanayi A.\u015e. with 49.80% of the shares, and has no other investment or activity. For this reason, the financial situation of the company is directly proportional to that of ENKA \u0130n\u015faat ve Sanayi A.\u015e.. The details are given below. As of 2024, our company <a class=\"more-link\" href=\"https:\/\/www.taraholding.com.tr\/en\/financial-data\/\">Continue reading <i class=\"fa fa-chevron-right\"><\/i><\/a><\/p>\n","protected":false},"author":1,"featured_media":1910,"parent":0,"menu_order":0,"comment_status":"closed","ping_status":"closed","template":"","meta":{"_acf_changed":false,"om_disable_all_campaigns":false,"_monsterinsights_skip_tracking":false,"_monsterinsights_sitenote_active":false,"_monsterinsights_sitenote_note":"","_monsterinsights_sitenote_category":0,"footnotes":""},"class_list":["post-1909","page","type-page","status-publish","has-post-thumbnail","hentry"],"aioseo_notices":[],"acf":[],"_links":{"self":[{"href":"https:\/\/www.taraholding.com.tr\/en\/wp-json\/wp\/v2\/pages\/1909","targetHints":{"allow":["GET"]}}],"collection":[{"href":"https:\/\/www.taraholding.com.tr\/en\/wp-json\/wp\/v2\/pages"}],"about":[{"href":"https:\/\/www.taraholding.com.tr\/en\/wp-json\/wp\/v2\/types\/page"}],"author":[{"embeddable":true,"href":"https:\/\/www.taraholding.com.tr\/en\/wp-json\/wp\/v2\/users\/1"}],"replies":[{"embeddable":true,"href":"https:\/\/www.taraholding.com.tr\/en\/wp-json\/wp\/v2\/comments?post=1909"}],"version-history":[{"count":5,"href":"https:\/\/www.taraholding.com.tr\/en\/wp-json\/wp\/v2\/pages\/1909\/revisions"}],"predecessor-version":[{"id":2372,"href":"https:\/\/www.taraholding.com.tr\/en\/wp-json\/wp\/v2\/pages\/1909\/revisions\/2372"}],"wp:featuredmedia":[{"embeddable":true,"href":"https:\/\/www.taraholding.com.tr\/en\/wp-json\/wp\/v2\/media\/1910"}],"wp:attachment":[{"href":"https:\/\/www.taraholding.com.tr\/en\/wp-json\/wp\/v2\/media?parent=1909"}],"curies":[{"name":"wp","href":"https:\/\/api.w.org\/{rel}","templated":true}]}}